{"id":116878,"date":"2016-03-28T17:06:02","date_gmt":"2016-03-28T14:06:02","guid":{"rendered":"https:\/\/www.betel.ro\/donate\/"},"modified":"2025-11-14T14:07:08","modified_gmt":"2025-11-14T12:07:08","slug":"donate","status":"publish","type":"page","link":"https:\/\/www.betel.ro\/en\/donate\/","title":{"rendered":"Donate"},"content":{"rendered":"<div class=\"forminator-ui forminator-custom-form forminator-custom-form-116949 forminator-design--flat  forminator_ajax draft-enabled\" data-forminator-render=\"0\" data-form=\"forminator-module-116949\" data-uid=\"69e60b36e029e\"><br\/><\/div><form\r\n\t\t\t\tid=\"forminator-module-116949\"\r\n\t\t\t\tclass=\"forminator-ui forminator-custom-form forminator-custom-form-116949 forminator-design--flat  forminator_ajax draft-enabled\"\r\n\t\t\t\tmethod=\"post\"\r\n\t\t\t\tdata-forminator-render=\"0\"\r\n\t\t\t\tdata-form-id=\"116949\"\r\n\t\t\t\t data-color-option=\"default\" data-design=\"flat\" data-grid=\"open\" style=\"display: none;\"\r\n\t\t\t\tdata-uid=\"69e60b36e029e\"\r\n\t\t\t><div role=\"alert\" aria-live=\"polite\" class=\"forminator-response-message forminator-error\" aria-hidden=\"true\"><\/div><div class=\"forminator-row\"><div id=\"section-1\" class=\"forminator-field-section forminator-col forminator-col-12 \"><div class=\"forminator-field\"><h2 class=\"forminator-title\">Donation by card<\/h2><\/div><\/div><\/div><div class=\"forminator-row\"><div id=\"name-1\" class=\"forminator-field-name forminator-col forminator-col-4 \"><div class=\"forminator-field\"><label for=\"forminator-field-name-1_69e60b36e029e\" id=\"forminator-field-name-1_69e60b36e029e-label\" class=\"forminator-label\">Name <span class=\"forminator-required\">*<\/span><\/label><input type=\"text\" name=\"name-1\" value=\"\" placeholder=\"Ex. John Doe\" id=\"forminator-field-name-1_69e60b36e029e\" class=\"forminator-input forminator-name--field\" aria-required=\"true\" autocomplete=\"name\" aria-describedby=\"forminator-field-name-1_69e60b36e029e-description\" \/><span id=\"forminator-field-name-1_69e60b36e029e-description\" class=\"forminator-description\">Name and surname<\/span><\/div><\/div><div id=\"email-1\" class=\"forminator-field-email forminator-col forminator-col-4 \"><div class=\"forminator-field\"><label for=\"forminator-field-email-1_69e60b36e029e\" id=\"forminator-field-email-1_69e60b36e029e-label\" class=\"forminator-label\">Email<\/label><input type=\"email\" name=\"email-1\" value=\"\" placeholder=\"Ex. john@doe.com\" id=\"forminator-field-email-1_69e60b36e029e\" class=\"forminator-input forminator-email--field\" data-required=\"\" aria-required=\"false\" autocomplete=\"email\" aria-describedby=\"forminator-field-email-1_69e60b36e029e-description\" \/><span id=\"forminator-field-email-1_69e60b36e029e-description\" class=\"forminator-description\">If you enter your email address, you will receive the receipt and confirmation immediately after the payment is processed!<\/span><\/div><\/div><div id=\"phone-1\" class=\"forminator-field-phone forminator-col forminator-col-4 \"><div class=\"forminator-field\"><label for=\"forminator-field-phone-1_69e60b36e029e\" id=\"forminator-field-phone-1_69e60b36e029e-label\" class=\"forminator-label\">Telefon<\/label><input type=\"text\" name=\"phone-1\" value=\"\" placeholder=\"Ex. +40 123 456 789\" id=\"forminator-field-phone-1_69e60b36e029e\" class=\"forminator-input forminator-field--phone\" data-required=\"\" aria-required=\"false\" autocomplete=\"off\" \/><\/div><\/div><\/div><div class=\"forminator-row\"><div id=\"radio-4\" class=\"forminator-field-radio forminator-col forminator-col-12 \"><div role=\"radiogroup\" class=\"forminator-field\" aria-labelledby=\"forminator-radiogroup-radio-4-69e60b36e029e-label\"><span id=\"forminator-radiogroup-radio-4-69e60b36e029e-label\" class=\"forminator-label\">Choose the type of donation<\/span><label id=\"forminator-field-radio-4-label-1\" for=\"forminator-field-radio-4-1-69e60b36e029e\" class=\"forminator-radio forminator-radio-inline\" title=\"Offering\"><input type=\"radio\" name=\"radio-4\" value=\"Colecta\" id=\"forminator-field-radio-4-1-69e60b36e029e\" aria-labelledby=\"forminator-field-radio-4-label-1\" data-calculation=\"0\" checked=\"checked\"  data-hidden-behavior=\"zero\"\/><span class=\"forminator-radio-bullet\" aria-hidden=\"true\"><\/span><span class=\"forminator-radio-label\">Offering<\/span><\/label><label id=\"forminator-field-radio-4-label-2\" for=\"forminator-field-radio-4-2-69e60b36e029e\" class=\"forminator-radio forminator-radio-inline\" title=\"Tithe\"><input type=\"radio\" name=\"radio-4\" value=\"Zeciuiala\" id=\"forminator-field-radio-4-2-69e60b36e029e\" aria-labelledby=\"forminator-field-radio-4-label-2\" data-calculation=\"0\"   data-hidden-behavior=\"zero\"\/><span class=\"forminator-radio-bullet\" aria-hidden=\"true\"><\/span><span class=\"forminator-radio-label\">Tithe<\/span><\/label><label id=\"forminator-field-radio-4-label-3\" for=\"forminator-field-radio-4-3-69e60b36e029e\" class=\"forminator-radio forminator-radio-inline\" title=\"Mission work\"><input type=\"radio\" name=\"radio-4\" value=\"Misiune\" id=\"forminator-field-radio-4-3-69e60b36e029e\" aria-labelledby=\"forminator-field-radio-4-label-3\" data-calculation=\"0\"   data-hidden-behavior=\"zero\"\/><span class=\"forminator-radio-bullet\" aria-hidden=\"true\"><\/span><span class=\"forminator-radio-label\">Mission work<\/span><\/label><label id=\"forminator-field-radio-4-label-4\" for=\"forminator-field-radio-4-4-69e60b36e029e\" class=\"forminator-radio forminator-radio-inline\" title=\"Other type of donation\"><input type=\"radio\" name=\"radio-4\" value=\"Alt-tip-de-dona\u021bie\" id=\"forminator-field-radio-4-4-69e60b36e029e\" aria-labelledby=\"forminator-field-radio-4-label-4\" data-calculation=\"0\"   data-hidden-behavior=\"zero\"\/><span class=\"forminator-radio-bullet\" aria-hidden=\"true\"><\/span><span class=\"forminator-radio-label\">Other type of donation<\/span><\/label><\/div><\/div><\/div><div class=\"forminator-row\"><div id=\"text-1\" class=\"forminator-field-text forminator-col forminator-col-12 \"><div class=\"forminator-field\"><label for=\"forminator-field-text-1_69e60b36e029e\" id=\"forminator-field-text-1_69e60b36e029e-label\" class=\"forminator-label\">Donation description<\/label><input type=\"text\" name=\"text-1\" value=\"\" placeholder=\"Ex. Oltenia mission, Africa mission, youth, orphans, etc.\" id=\"forminator-field-text-1_69e60b36e029e\" class=\"forminator-input forminator-name--field\" data-required=\"\" \/><\/div><\/div><\/div><div class=\"forminator-row\"><div id=\"radio-1\" class=\"forminator-field-radio forminator-col forminator-col-12 \"><div role=\"radiogroup\" class=\"forminator-field\" aria-labelledby=\"forminator-radiogroup-radio-1-69e60b36e029e-label\"><span id=\"forminator-radiogroup-radio-1-69e60b36e029e-label\" class=\"forminator-label\">Donation in LEI<\/span><label id=\"forminator-field-radio-1-label-1\" for=\"forminator-field-radio-1-1-69e60b36e029e\" class=\"forminator-radio forminator-radio-inline\" title=\"20 LEI\"><input type=\"radio\" name=\"radio-1\" value=\"20\" id=\"forminator-field-radio-1-1-69e60b36e029e\" aria-labelledby=\"forminator-field-radio-1-label-1\" data-calculation=\"20\"   data-hidden-behavior=\"zero\"\/><span class=\"forminator-radio-bullet\" aria-hidden=\"true\"><\/span><span class=\"forminator-radio-label\">20 LEI<\/span><\/label><label id=\"forminator-field-radio-1-label-2\" for=\"forminator-field-radio-1-2-69e60b36e029e\" class=\"forminator-radio forminator-radio-inline\" title=\"50 LEI\"><input type=\"radio\" name=\"radio-1\" value=\"50\" id=\"forminator-field-radio-1-2-69e60b36e029e\" aria-labelledby=\"forminator-field-radio-1-label-2\" data-calculation=\"50\"   data-hidden-behavior=\"zero\"\/><span class=\"forminator-radio-bullet\" aria-hidden=\"true\"><\/span><span class=\"forminator-radio-label\">50 LEI<\/span><\/label><label id=\"forminator-field-radio-1-label-3\" for=\"forminator-field-radio-1-3-69e60b36e029e\" class=\"forminator-radio forminator-radio-inline\" title=\"100 LEI\"><input type=\"radio\" name=\"radio-1\" value=\"100\" id=\"forminator-field-radio-1-3-69e60b36e029e\" aria-labelledby=\"forminator-field-radio-1-label-3\" data-calculation=\"100\"   data-hidden-behavior=\"zero\"\/><span class=\"forminator-radio-bullet\" aria-hidden=\"true\"><\/span><span class=\"forminator-radio-label\">100 LEI<\/span><\/label><label id=\"forminator-field-radio-1-label-4\" for=\"forminator-field-radio-1-4-69e60b36e029e\" class=\"forminator-radio forminator-radio-inline\" title=\"500 LEI\"><input type=\"radio\" name=\"radio-1\" value=\"500\" id=\"forminator-field-radio-1-4-69e60b36e029e\" aria-labelledby=\"forminator-field-radio-1-label-4\" data-calculation=\"500\"   data-hidden-behavior=\"zero\"\/><span class=\"forminator-radio-bullet\" aria-hidden=\"true\"><\/span><span class=\"forminator-radio-label\">500 LEI<\/span><\/label><label id=\"forminator-field-radio-1-label-5\" for=\"forminator-field-radio-1-5-69e60b36e029e\" class=\"forminator-radio forminator-radio-inline\" title=\"Other value\"><input type=\"radio\" name=\"radio-1\" value=\"Other\" id=\"forminator-field-radio-1-5-69e60b36e029e\" aria-labelledby=\"forminator-field-radio-1-label-5\" data-calculation=\"0\"   data-hidden-behavior=\"zero\"\/><span class=\"forminator-radio-bullet\" aria-hidden=\"true\"><\/span><span class=\"forminator-radio-label\">Other value<\/span><\/label><\/div><\/div><\/div><div class=\"forminator-row\"><div id=\"currency-1\" class=\"forminator-field-currency forminator-col forminator-col-12 \"><div class=\"forminator-field\"><label for=\"forminator-field-currency-1_69e60b36e029e\" id=\"forminator-field-currency-1_69e60b36e029e-label\" class=\"forminator-label\">Other amount in LEI<\/label><div class=\"forminator-input-with-suffix\"><input name=\"currency-1\" value=\"\" placeholder=\"Ex. 700\" id=\"forminator-field-currency-1_69e60b36e029e\" class=\"forminator-input forminator-currency\" data-required=\"\" aria-required=\"\" data-decimals=\"2\" data-inputmask=\"&#039;groupSeparator&#039;: &#039;&#039;, &#039;radixPoint&#039;: &#039;.&#039;, &#039;digits&#039;: &#039;2&#039;\" data-hidden-behavior=\"zero\" type=\"number\" step=\"any\" \/><span class=\"forminator-suffix\">RON<\/span><\/div><\/div><\/div><\/div><div class=\"forminator-row\"><div id=\"calculation-1\" class=\"forminator-field-calculation forminator-col forminator-col-12 \"><div class=\"forminator-field\"><label for=\"calculation-1-field_69e60b36e029e\" id=\"calculation-1-field_69e60b36e029e-label\" class=\"forminator-label\">Calculations<\/label><input type=\"text\" name=\"calculation-1\" value=\"\" id=\"calculation-1-field_69e60b36e029e\" class=\"forminator-calculation forminator-input\" data-formula=\"{radio-1}+{currency-1}\" data-required=\"\" data-decimal-point=\".\" data-precision=\"2\" data-is-hidden=\"1\" disabled=\"disabled\" data-decimals=\"2\" data-inputmask=\"&#039;groupSeparator&#039;: &#039;&#039;, &#039;radixPoint&#039;: &#039;.&#039;, &#039;digits&#039;: &#039;2&#039;\" readonly=\"readonly\" data-hidden-behavior=\"zero\" \/><\/div><\/div><\/div><div class=\"forminator-row\"><div id=\"radio-2\" class=\"forminator-field-radio forminator-col forminator-col-6 \"><div role=\"radiogroup\" class=\"forminator-field\" aria-labelledby=\"forminator-radiogroup-radio-2-69e60b36e029e-label\"><span id=\"forminator-radiogroup-radio-2-69e60b36e029e-label\" class=\"forminator-label\">Payment by card<\/span><label id=\"forminator-field-radio-2-label-1\" for=\"forminator-field-radio-2-1-69e60b36e029e\" class=\"forminator-radio\" title=\"Credit \/ Debit Card\"><input type=\"radio\" name=\"radio-2\" value=\"one\" id=\"forminator-field-radio-2-1-69e60b36e029e\" aria-labelledby=\"forminator-field-radio-2-label-1\" data-calculation=\"0\" checked=\"checked\"  data-hidden-behavior=\"zero\"\/><span class=\"forminator-radio-bullet\" aria-hidden=\"true\"><\/span><span class=\"forminator-radio-label\">Credit \/ Debit Card<\/span><\/label><\/div><\/div><div id=\"radio-3\" class=\"forminator-field-radio forminator-col forminator-col-6 \"><div role=\"radiogroup\" class=\"forminator-field\" aria-labelledby=\"forminator-radiogroup-radio-3-69e60b36e029e-label\"><span id=\"forminator-radiogroup-radio-3-69e60b36e029e-label\" class=\"forminator-label\">Recurring donation<\/span><label id=\"forminator-field-radio-3-label-1\" for=\"forminator-field-radio-3-1-69e60b36e029e\" class=\"forminator-radio forminator-radio-inline\" title=\"Not\"><input type=\"radio\" name=\"radio-3\" value=\"one\" id=\"forminator-field-radio-3-1-69e60b36e029e\" aria-labelledby=\"forminator-field-radio-3-label-1\" data-calculation=\"0\" checked=\"checked\"  data-hidden-behavior=\"zero\"\/><span class=\"forminator-radio-bullet\" aria-hidden=\"true\"><\/span><span class=\"forminator-radio-label\">Not<\/span><\/label><label id=\"forminator-field-radio-3-label-2\" for=\"forminator-field-radio-3-2-69e60b36e029e\" class=\"forminator-radio forminator-radio-inline\" title=\"Monthly\"><input type=\"radio\" name=\"radio-3\" value=\"Lunara\" id=\"forminator-field-radio-3-2-69e60b36e029e\" aria-labelledby=\"forminator-field-radio-3-label-2\" data-calculation=\"0\"   data-hidden-behavior=\"zero\"\/><span class=\"forminator-radio-bullet\" aria-hidden=\"true\"><\/span><span class=\"forminator-radio-label\">Monthly<\/span><\/label><label id=\"forminator-field-radio-3-label-3\" for=\"forminator-field-radio-3-3-69e60b36e029e\" class=\"forminator-radio forminator-radio-inline\" title=\"Weekly\"><input type=\"radio\" name=\"radio-3\" value=\"S\u0103pt\u0103m\u00e2nal\u0103\" id=\"forminator-field-radio-3-3-69e60b36e029e\" aria-labelledby=\"forminator-field-radio-3-label-3\" data-calculation=\"0\"   data-hidden-behavior=\"zero\"\/><span class=\"forminator-radio-bullet\" aria-hidden=\"true\"><\/span><span class=\"forminator-radio-label\">Weekly<\/span><\/label><\/div><\/div><\/div><div class=\"forminator-row\"><div id=\"stripe-ocs-1\" class=\"forminator-field-stripe-ocs forminator-col forminator-col-12 \"><div class=\"forminator-field\"><label for=\"stripe-ocs-1-field\" id=\"stripe-ocs-1-field-label\" class=\"forminator-label\">Credit \/ Debit Card <span class=\"forminator-required\">*<\/span><\/label><div id=\"payment-element-69e60b36e029e\" data-elements-options=\"{\n    &quot;loader&quot;: &quot;always&quot;,\n    &quot;locale&quot;: &quot;auto&quot;,\n    &quot;paymentMethodCreation&quot;: &quot;manual&quot;,\n    &quot;appearance&quot;: {\n        &quot;theme&quot;: &quot;stripe&quot;,\n        &quot;variables&quot;: {\n            &quot;fontWeightNormal&quot;: &quot;400&quot;,\n            &quot;fontSizeBase&quot;: &quot;16px&quot;,\n            &quot;iconColor&quot;: &quot;#777771&quot;,\n            &quot;iconHoverColor&quot;: &quot;#e20022&quot;,\n            &quot;iconCardErrorColor&quot;: &quot;#E51919&quot;,\n            &quot;iconCardCvcErrorColor&quot;: &quot;#E51919&quot;,\n            &quot;colorTextPlaceholder&quot;: &quot;#888888&quot;\n        }\n    },\n    &quot;paymentMethodTypes&quot;: [\n        &quot;card&quot;\n    ]\n}\" data-payment-options=\"{\n    &quot;layout&quot;: {\n        &quot;type&quot;: &quot;tabs&quot;,\n        &quot;defaultCollapsed&quot;: false\n    },\n    &quot;wallets&quot;: {\n        &quot;applePay&quot;: &quot;never&quot;,\n        &quot;googlePay&quot;: &quot;never&quot;\n    }\n}\" data-field-id=\"69e60b36e029e\" data-is-payment=\"true\" data-payment-type=\"stripe\" data-is-ocs=\"1\" data-secret=\"\" data-paymentid=\"\" data-currency=\"ron\" data-key=\"pk_live_51PaL7oRtv2LcR0nqkJZBlb5ITh2QRHS6ZlXLfg06XeCc3g622mpqY96nEk7JR9deIbyhD4b4KydkZXc8xvFbT9sG0059uQpczz\" data-receipt=\"1\" data-receipt-email=\"email-1\" data-billing=\"1\" data-billing-name=\"name-1\" data-billing-email=\"email-1\" data-billing-phone=\"\" data-billing-address=\"\" data-return-url=\"https:\/\/stripe.com\" aria-describedby=\"payment-element-69e60b36e029e-description\" class=\"forminator-stripe-element forminator-stripe-payment-element\"><\/div><input type=\"hidden\" name=\"paymentid\" value=\"\" id=\"forminator-stripe-paymentid\"\/><input type=\"hidden\" name=\"paymentmethod\" value=\"\" id=\"forminator-stripe-paymentmethod\"\/><input type=\"hidden\" name=\"subscriptionid\" value=\"\" id=\"forminator-stripe-subscriptionid\"\/><span class=\"forminator-card-message\"><span class=\"forminator-error-message\" aria-hidden=\"true\"><\/span><\/span><span id=\"payment-element-69e60b36e029e-description\" class=\"forminator-description\">You can pay with any debit\/credit card (RON, EUR, USD, etc.) and the conversion to LEI is done automatically.<\/span><\/div><\/div><\/div><div class=\"forminator-row\"><div id=\"stripe-1\" class=\"forminator-field-stripe forminator-col forminator-col-12 \"><\/div><\/div><div class=\"forminator-row\"><div id=\"consent-1\" class=\"forminator-field-consent forminator-col forminator-col-12 \"><div class=\"forminator-field\"><label for=\"forminator-field-consent-1_69e60b36e029e\" id=\"forminator-field-consent-1_69e60b36e029e-label\" class=\"forminator-label\">I agree! <span class=\"forminator-required\">*<\/span><\/label><div class=\"forminator-checkbox__wrapper\"><label id=\"forminator-field-consent-1_69e60b36e029e__label\" class=\"forminator-checkbox forminator-consent\"><input type=\"checkbox\" name=\"consent-1\" id=\"forminator-field-consent-1_69e60b36e029e\" value=\"checked\" aria-labelledby=\"forminator-field-consent-1_69e60b36e029e-label\" aria-describedby=\"forminator-field-consent-1_69e60b36e029e__description\" data-required=\"true\" aria-required=\"true\" \/><span class=\"forminator-checkbox-box\" aria-hidden=\"true\"><\/span><\/label><div id=\"forminator-field-consent-1_69e60b36e029e__description\" class=\"forminator-checkbox__label forminator-consent__label\"><p>I confirm that the above data is correct and I agree to the processing of the donation.<\/p><\/div><\/div><\/div><\/div><\/div><div class=\"forminator-row\" style=\"margin: 0;\"><div id=\"captcha-1\" class=\"forminator-field-captcha  forminator-col-12 \"><div class=\"forminator-captcha-left forminator-g-recaptcha recaptcha-invisible\" data-theme=\"light\" data-badge=\"bottomright\" data-sitekey=\"6LeTtxAqAAAAANmB_eqNVBV0KcLrOGphdPeJVBHU\" data-size=\"invisible\"><\/div> <\/div><\/div><input type=\"hidden\" name=\"referer_url\" value=\"\" \/><div class=\"forminator-row forminator-row-last\"><div class=\"forminator-col\"><div class=\"forminator-field\"><button class=\"forminator-button forminator-button-submit\">Donate!<\/button><a href=\"#\" class=\"forminator-save-draft-link disabled\" title=\"Fill in form fields before saving it as a draft\" formnovalidate>Save as Draft<\/a><\/div><\/div><\/div><input type=\"hidden\" id=\"forminator_nonce\" name=\"forminator_nonce\" value=\"ebcddde3b9\" \/><input type=\"hidden\" name=\"_wp_http_referer\" value=\"\/en\/wp-json\/wp\/v2\/pages\/116878\" \/><input type=\"hidden\" name=\"form_id\" value=\"116949\"><input type=\"hidden\" name=\"page_id\" value=\"116878\"><input type=\"hidden\" name=\"form_type\" value=\"default\"><input type=\"hidden\" name=\"current_url\" value=\"https:\/\/www.betel.ro\/en\/donate\/\"><input type=\"hidden\" name=\"render_id\" value=\"0\"><input type=\"hidden\" name=\"action\" value=\"forminator_submit_form_custom-forms\"><input type=\"hidden\" name=\"save_draft\" value=\"false\"><\/form>\n<form action=\"https:\/\/www.paypal.com\/donate\" method=\"post\" target=\"_top\">____________________________________________<\/p>\n<p><input name=\"hosted_button_id\" type=\"hidden\" value=\"SGQY2CWASM28C\"><strong>Donations via PayPal:<br \/>\n<\/strong>E-mail: <span id=\"account-name_donation@betel.ro\" class=\"account-name collapse-text\">donation@betel.ro<br \/>\n<\/span><strong><img loading=\"lazy\" decoding=\"async\" class=\" wp-image-59766 alignleft\" src=\"https:\/\/www.betel.ro\/wp-content\/uploads\/2021\/04\/paypal-2700934-2239070.png\" alt=\"\" width=\"75\" height=\"75\" srcset=\"https:\/\/www.betel.ro\/wp-content\/uploads\/2021\/04\/paypal-2700934-2239070.png 256w, https:\/\/www.betel.ro\/wp-content\/uploads\/2021\/04\/paypal-2700934-2239070-150x150.png 150w\" sizes=\"(max-width: 75px) 100vw, 75px\" \/><\/strong><span id=\"account-name_donation@betel.ro\" class=\"account-name collapse-text\"><\/span><br \/>\n<input title=\"PayPal - The safer, easier way to pay online!\" alt=\"Donate with PayPal button\" name=\"submit\" src=\"https:\/\/www.paypalobjects.com\/en_US\/i\/btn\/btn_donateCC_LG.gif\" type=\"image\"><\/p>\n<p>&nbsp;<\/p>\n<p><strong>Donations to the bank accounts of Bethel Church Timisoara:<\/strong><\/p>\n<p><b>Raiffeisen Bank Timisoara<\/b><br \/>\nSWIFT: RZBRROBU<br \/>\nstr. C.Brediceanu, nr. 10<br \/>\nIBAN RON: RO66RZBR0000060002999609<br \/>\nIBAN EUR: RO31RZBR0000060005706248<br \/>\nIBAN USD: RO33RZBR0000060002999621<br \/>\nIBAN GBP: RO17RZBR0000060006900085 <\/p>\n<p><strong>Account Mosnita:<\/strong><br \/>\nIBAN RON: RO40RZBR0000060022608239<\/p>\n<p><strong>International Church Account<br \/>\n(Betel International Fellowship) LEI:<\/strong><br \/>\nIBAN RON: RO76RZBR0000060022371687<\/p>\n<p><img loading=\"lazy\" decoding=\"async\" src=\"https:\/\/www.paypal.com\/en_US\/i\/scr\/pixel.gif\" alt=\"\" width=\"1\" height=\"1\" border=\"0\"><\/p>\n<\/form>\n","protected":false},"excerpt":{"rendered":"<p>____________________________________________ Donations via PayPal: E-mail: donation@betel.ro &nbsp; Donations to the bank accounts of Bethel Church Timisoara: Raiffeisen Bank Timisoara SWIFT: RZBRROBU str. C.Brediceanu, nr. 10 IBAN RON: RO66RZBR0000060002999609 IBAN EUR: RO31RZBR0000060005706248 IBAN USD: RO33RZBR0000060002999621 IBAN GBP: RO17RZBR0000060006900085 Account Mosnita: IBAN RON: RO40RZBR0000060022608239 International Church Account (Betel International Fellowship) LEI: IBAN RON: RO76RZBR0000060022371687<\/p>\n","protected":false},"author":1,"featured_media":0,"parent":0,"menu_order":0,"comment_status":"closed","ping_status":"closed","template":"","meta":{"footnotes":""},"class_list":["post-116878","page","type-page","status-publish","hentry"],"_links":{"self":[{"href":"https:\/\/www.betel.ro\/en\/wp-json\/wp\/v2\/pages\/116878","targetHints":{"allow":["GET"]}}],"collection":[{"href":"https:\/\/www.betel.ro\/en\/wp-json\/wp\/v2\/pages"}],"about":[{"href":"https:\/\/www.betel.ro\/en\/wp-json\/wp\/v2\/types\/page"}],"author":[{"embeddable":true,"href":"https:\/\/www.betel.ro\/en\/wp-json\/wp\/v2\/users\/1"}],"replies":[{"embeddable":true,"href":"https:\/\/www.betel.ro\/en\/wp-json\/wp\/v2\/comments?post=116878"}],"version-history":[{"count":0,"href":"https:\/\/www.betel.ro\/en\/wp-json\/wp\/v2\/pages\/116878\/revisions"}],"wp:attachment":[{"href":"https:\/\/www.betel.ro\/en\/wp-json\/wp\/v2\/media?parent=116878"}],"curies":[{"name":"wp","href":"https:\/\/api.w.org\/{rel}","templated":true}]}}