{"id":116906,"date":"2016-04-06T20:40:41","date_gmt":"2016-04-06T17:40:41","guid":{"rendered":"https:\/\/www.betel.ro\/bethel-church-connection-form\/"},"modified":"2025-11-14T14:09:02","modified_gmt":"2025-11-14T12:09:02","slug":"bethel-church-connection-form","status":"publish","type":"page","link":"https:\/\/www.betel.ro\/en\/bethel-church-connection-form\/","title":{"rendered":"Bethel Church Connection Form"},"content":{"rendered":"<div class=\"forminator-ui forminator-custom-form forminator-custom-form-116950 forminator-design--material  forminator_ajax\" data-forminator-render=\"0\" data-form=\"forminator-module-116950\" data-uid=\"69e60f64d7d4d\"><br\/><\/div><form\r\n\t\t\t\tid=\"forminator-module-116950\"\r\n\t\t\t\tclass=\"forminator-ui forminator-custom-form forminator-custom-form-116950 forminator-design--material  forminator_ajax\"\r\n\t\t\t\tmethod=\"post\"\r\n\t\t\t\tdata-forminator-render=\"0\"\r\n\t\t\t\tdata-form-id=\"116950\"\r\n\t\t\t\t data-color-option=\"default\" data-design=\"material\" data-grid=\"open\" style=\"display: none;\"\r\n\t\t\t\tdata-uid=\"69e60f64d7d4d\"\r\n\t\t\t><div role=\"alert\" aria-live=\"polite\" class=\"forminator-response-message forminator-error\" aria-hidden=\"true\"><\/div><div class=\"forminator-row\"><div id=\"section-1\" class=\"forminator-field-section forminator-col forminator-col-12 \"><div class=\"forminator-field\"><h2 class=\"forminator-title\">We would be happy if you would contact us!<\/h2><\/div><\/div><\/div><div class=\"forminator-row\"><div id=\"checkbox-1\" class=\"forminator-field-checkbox forminator-col forminator-col-12 \"><div role=\"group\" class=\"forminator-field\" aria-labelledby=\"forminator-checkbox-group-forminator-field-checkbox-1-69e60f64d7d4d-label\"><span id=\"forminator-checkbox-group-forminator-field-checkbox-1-69e60f64d7d4d-label\" class=\"forminator-label\">Choose one or more of the options below<\/span><label id=\"forminator-field-checkbox-1-1-69e60f64d7d4d-label\" for=\"forminator-field-checkbox-1-1-69e60f64d7d4d\" class=\"forminator-checkbox\" title=\"I am new here and would like to know more about this church\"><input type=\"checkbox\" name=\"checkbox-1[]\" value=\"Sunt-nou-aici-\u0219i-a\u0219-dori-s\u0103-cunosc-mai-multe-despre-aceast\u0103-biseric\u0103\" id=\"forminator-field-checkbox-1-1-69e60f64d7d4d\" aria-labelledby=\"forminator-field-checkbox-1-1-69e60f64d7d4d-label\" data-calculation=\"0\"  \/><span class=\"forminator-checkbox-box\" aria-hidden=\"true\"><\/span><span class=\"forminator-checkbox-label\">I am new here and would like to know more about this church<\/span><\/label><label id=\"forminator-field-checkbox-1-2-69e60f64d7d4d-label\" for=\"forminator-field-checkbox-1-2-69e60f64d7d4d\" class=\"forminator-checkbox\" title=\"I want to be part of a prayer, fellowship, discipleship, or Bible study group\"><input type=\"checkbox\" name=\"checkbox-1[]\" value=\"Doresc-s\u0103-fac-parte-dintr-un-grup-de-rug\u0103ciune,-p\u0103rt\u0103\u0219ie,-ucenicie-sau-studiu-biblic\" id=\"forminator-field-checkbox-1-2-69e60f64d7d4d\" aria-labelledby=\"forminator-field-checkbox-1-2-69e60f64d7d4d-label\" data-calculation=\"0\"  \/><span class=\"forminator-checkbox-box\" aria-hidden=\"true\"><\/span><span class=\"forminator-checkbox-label\">I want to be part of a prayer, fellowship, discipleship, or Bible study group<\/span><\/label><label id=\"forminator-field-checkbox-1-3-69e60f64d7d4d-label\" for=\"forminator-field-checkbox-1-3-69e60f64d7d4d\" class=\"forminator-checkbox\" title=\"I want to be part of a ministry or mission group\"><input type=\"checkbox\" name=\"checkbox-1[]\" value=\"Doresc-s\u0103-fac-parte-dintr-un-grup-de-slujire-sau-misiune\" id=\"forminator-field-checkbox-1-3-69e60f64d7d4d\" aria-labelledby=\"forminator-field-checkbox-1-3-69e60f64d7d4d-label\" data-calculation=\"0\"  \/><span class=\"forminator-checkbox-box\" aria-hidden=\"true\"><\/span><span class=\"forminator-checkbox-label\">I want to be part of a ministry or mission group<\/span><\/label><label id=\"forminator-field-checkbox-1-4-69e60f64d7d4d-label\" for=\"forminator-field-checkbox-1-4-69e60f64d7d4d\" class=\"forminator-checkbox\" title=\"I need counseling and would like to talk to someone who could help me\"><input type=\"checkbox\" name=\"checkbox-1[]\" value=\"Am-nevoie-de-consiliere-\u0219i-a\u0219-dori-s\u0103-vorbesc-cu-cineva-care-m-ar-putea-ajuta\" id=\"forminator-field-checkbox-1-4-69e60f64d7d4d\" aria-labelledby=\"forminator-field-checkbox-1-4-69e60f64d7d4d-label\" data-calculation=\"0\"  \/><span class=\"forminator-checkbox-box\" aria-hidden=\"true\"><\/span><span class=\"forminator-checkbox-label\">I need counseling and would like to talk to someone who could help me<\/span><\/label><label id=\"forminator-field-checkbox-1-5-69e60f64d7d4d-label\" for=\"forminator-field-checkbox-1-5-69e60f64d7d4d\" class=\"forminator-checkbox\" title=\"I would like to speak with a pastor\"><input type=\"checkbox\" name=\"checkbox-1[]\" value=\"Doresc-s\u0103-stau-de-vorb\u0103-cu-un-pastor\" id=\"forminator-field-checkbox-1-5-69e60f64d7d4d\" aria-labelledby=\"forminator-field-checkbox-1-5-69e60f64d7d4d-label\" data-calculation=\"0\"  \/><span class=\"forminator-checkbox-box\" aria-hidden=\"true\"><\/span><span class=\"forminator-checkbox-label\">I would like to speak with a pastor<\/span><\/label><label id=\"forminator-field-checkbox-1-6-69e60f64d7d4d-label\" for=\"forminator-field-checkbox-1-6-69e60f64d7d4d\" class=\"forminator-checkbox\" title=\"I have decided to follow the Lord Jesus and would like to prepare for baptism\"><input type=\"checkbox\" name=\"checkbox-1[]\" value=\"Am-decis-s\u0103-\u00cel-urmez-pe-Domnul-Isus-\u0219i-a\u0219-vrea-s\u0103-m\u0103-preg\u0103tesc-pentru-botez\" id=\"forminator-field-checkbox-1-6-69e60f64d7d4d\" aria-labelledby=\"forminator-field-checkbox-1-6-69e60f64d7d4d-label\" data-calculation=\"0\"  \/><span class=\"forminator-checkbox-box\" aria-hidden=\"true\"><\/span><span class=\"forminator-checkbox-label\">I have decided to follow the Lord Jesus and would like to prepare for baptism<\/span><\/label><\/div><\/div><\/div><div class=\"forminator-row\"><div id=\"name-1\" class=\"forminator-field-name forminator-col forminator-col-6 \"><div class=\"forminator-field\"><label for=\"forminator-field-name-1_69e60f64d7d4d\" id=\"forminator-field-name-1_69e60f64d7d4d-label\" class=\"forminator-label\">Name and Surname <span class=\"forminator-required\">*<\/span><\/label><input type=\"text\" name=\"name-1\" value=\"\" placeholder=\"Ex. John Doe\" id=\"forminator-field-name-1_69e60f64d7d4d\" class=\"forminator-input forminator-name--field\" aria-required=\"true\" autocomplete=\"name\" \/><\/div><\/div><div id=\"number-1\" class=\"forminator-field-number forminator-col forminator-col-6 \"><div class=\"forminator-field\"><label for=\"forminator-field-number-1_69e60f64d7d4d\" id=\"forminator-field-number-1_69e60f64d7d4d-label\" class=\"forminator-label\">Age<\/label><input name=\"number-1\" value=\"\" placeholder=\"Ex. 21\" id=\"forminator-field-number-1_69e60f64d7d4d\" class=\"forminator-input forminator-number--field\" inputmode=\"decimal\" data-required=\"\" data-decimals=\"0\" aria-required=\"false\" data-inputmask=\"&#039;groupSeparator&#039;: &#039;&#039;, &#039;radixPoint&#039;: &#039;&#039;, &#039;digits&#039;: &#039;0&#039;\" type=\"number\" step=\"any\" min=\"1\" max=\"150\" \/><\/div><\/div><\/div><div class=\"forminator-row\"><div id=\"phone-1\" class=\"forminator-field-phone forminator-col forminator-col-6 \"><div class=\"forminator-field\"><label for=\"forminator-field-phone-1_69e60f64d7d4d\" id=\"forminator-field-phone-1_69e60f64d7d4d-label\" class=\"forminator-label\">Phone <span class=\"forminator-required\">*<\/span><\/label><input type=\"text\" name=\"phone-1\" value=\"\" placeholder=\"Ex. +40 777 123 456\" id=\"forminator-field-phone-1_69e60f64d7d4d\" class=\"forminator-input forminator-field--phone\" data-required=\"1\" aria-required=\"true\" autocomplete=\"off\" \/><\/div><\/div><div id=\"email-1\" class=\"forminator-field-email forminator-col forminator-col-6 \"><div class=\"forminator-field\"><label for=\"forminator-field-email-1_69e60f64d7d4d\" id=\"forminator-field-email-1_69e60f64d7d4d-label\" class=\"forminator-label\">E-mail<\/label><input type=\"email\" name=\"email-1\" value=\"\" placeholder=\"E.g. john@doe.com\" id=\"forminator-field-email-1_69e60f64d7d4d\" class=\"forminator-input forminator-email--field\" data-required=\"\" aria-required=\"false\" autocomplete=\"email\" \/><\/div><\/div><\/div><div class=\"forminator-row\"><div id=\"textarea-1\" class=\"forminator-field-textarea forminator-col forminator-col-12 \"><div class=\"forminator-field\"><label for=\"forminator-field-textarea-1_69e60f64d7d4d\" id=\"forminator-field-textarea-1_69e60f64d7d4d-label\" class=\"forminator-label\">Reasons for prayer (for yourself, for another person, or for a specific situation)<\/label><textarea name=\"textarea-1\" placeholder=\"Your message here...\" id=\"forminator-field-textarea-1_69e60f64d7d4d\" class=\"forminator-textarea\" rows=\"6\" style=\"min-height:140px;\" maxlength=\"180\" ><\/textarea><span id=\"forminator-field-textarea-1_69e60f64d7d4d-description\" class=\"forminator-description\"><span data-limit=\"180\" data-type=\"characters\" data-editor=\"\">0 \/ 180<\/span><\/span><\/div><\/div><\/div><div class=\"forminator-row\"><div id=\"textarea-2\" class=\"forminator-field-textarea forminator-col forminator-col-12 \"><div class=\"forminator-field\"><label for=\"forminator-field-textarea-2_69e60f64d7d4d\" id=\"forminator-field-textarea-2_69e60f64d7d4d-label\" class=\"forminator-label\">Suggestions or observations for the smooth running of Bethel Church<\/label><textarea name=\"textarea-2\" placeholder=\"Your message here...\" id=\"forminator-field-textarea-2_69e60f64d7d4d\" class=\"forminator-textarea\" rows=\"6\" style=\"min-height:140px;\" maxlength=\"180\" ><\/textarea><span id=\"forminator-field-textarea-2_69e60f64d7d4d-description\" class=\"forminator-description\"><span data-limit=\"180\" data-type=\"characters\" data-editor=\"\">0 \/ 180<\/span><\/span><\/div><\/div><\/div><div class=\"forminator-row\"><div id=\"captcha-1\" class=\"forminator-field-captcha forminator-col forminator-col-12 \"><div class=\"forminator-captcha-left forminator-g-recaptcha\" data-theme=\"light\"  data-sitekey=\"6LcelB4TAAAAAJHxSYcHHCnfXyIqUienfECvSvxB\" data-size=\"normal\"><\/div> <\/div><\/div><div class=\"forminator-row\"><div id=\"consent-1\" class=\"forminator-field-consent forminator-col forminator-col-12 \"><div class=\"forminator-field\"><label for=\"forminator-field-consent-1_69e60f64d7d4d\" id=\"forminator-field-consent-1_69e60f64d7d4d-label\" class=\"forminator-label\">I agree! <span class=\"forminator-required\">*<\/span><\/label><div class=\"forminator-checkbox__wrapper\"><label id=\"forminator-field-consent-1_69e60f64d7d4d__label\" class=\"forminator-checkbox forminator-consent\"><input type=\"checkbox\" name=\"consent-1\" id=\"forminator-field-consent-1_69e60f64d7d4d\" value=\"checked\" aria-labelledby=\"forminator-field-consent-1_69e60f64d7d4d-label\" aria-describedby=\"forminator-field-consent-1_69e60f64d7d4d__description\" data-required=\"true\" aria-required=\"true\" \/><span class=\"forminator-checkbox-box\" aria-hidden=\"true\"><\/span><\/label><div id=\"forminator-field-consent-1_69e60f64d7d4d__description\" class=\"forminator-checkbox__label forminator-consent__label\"><p>Yes, I agree to the privacy policy and terms and conditions of this GDPR website.<\/p><\/div><\/div><\/div><\/div><\/div><input type=\"hidden\" name=\"referer_url\" value=\"\" \/><div class=\"forminator-row forminator-row-last\"><div class=\"forminator-col\"><div class=\"forminator-field\"><button class=\"forminator-button forminator-button-submit\"><span>Send the message<\/span><span aria-hidden=\"true\"><\/span><\/button><\/div><\/div><\/div><input type=\"hidden\" id=\"forminator_nonce\" name=\"forminator_nonce\" value=\"86f06b334c\" \/><input type=\"hidden\" name=\"_wp_http_referer\" value=\"\/en\/wp-json\/wp\/v2\/pages\/116906\" \/><input type=\"hidden\" name=\"form_id\" value=\"116950\"><input type=\"hidden\" name=\"page_id\" value=\"116906\"><input type=\"hidden\" name=\"form_type\" value=\"default\"><input type=\"hidden\" name=\"current_url\" value=\"https:\/\/www.betel.ro\/en\/bethel-church-connection-form\/\"><input type=\"hidden\" name=\"render_id\" value=\"0\"><input type=\"hidden\" name=\"action\" value=\"forminator_submit_form_custom-forms\"><\/form>\n","protected":false},"excerpt":{"rendered":"","protected":false},"author":1,"featured_media":0,"parent":0,"menu_order":0,"comment_status":"closed","ping_status":"closed","template":"","meta":{"footnotes":""},"class_list":["post-116906","page","type-page","status-publish","hentry"],"_links":{"self":[{"href":"https:\/\/www.betel.ro\/en\/wp-json\/wp\/v2\/pages\/116906","targetHints":{"allow":["GET"]}}],"collection":[{"href":"https:\/\/www.betel.ro\/en\/wp-json\/wp\/v2\/pages"}],"about":[{"href":"https:\/\/www.betel.ro\/en\/wp-json\/wp\/v2\/types\/page"}],"author":[{"embeddable":true,"href":"https:\/\/www.betel.ro\/en\/wp-json\/wp\/v2\/users\/1"}],"replies":[{"embeddable":true,"href":"https:\/\/www.betel.ro\/en\/wp-json\/wp\/v2\/comments?post=116906"}],"version-history":[{"count":0,"href":"https:\/\/www.betel.ro\/en\/wp-json\/wp\/v2\/pages\/116906\/revisions"}],"wp:attachment":[{"href":"https:\/\/www.betel.ro\/en\/wp-json\/wp\/v2\/media?parent=116906"}],"curies":[{"name":"wp","href":"https:\/\/api.w.org\/{rel}","templated":true}]}}